{"id":8357,"date":"2021-09-21T08:58:04","date_gmt":"2021-09-21T08:58:04","guid":{"rendered":"https:\/\/www.renieri.net\/?post_type=product&#038;p=8357"},"modified":"2026-04-24T10:10:50","modified_gmt":"2026-04-24T10:10:50","slug":"prosciutto-da-cinta-senese-dop-36-mesi-maesta-disossato","status":"publish","type":"product","link":"https:\/\/www.renieri.net\/en\/product\/prosciutto-da-cinta-senese-dop-36-mesi-maesta-disossato\/","title":{"rendered":"Prosciutto da &#8220;Cinta Senese DOP&#8221; 36 mesi Maest\u00e0, disossato"},"content":{"rendered":"<div class=\"wpb-content-wrapper\"><p>[vc_row el_class=&#8221;m-b-md&#8221;][vc_column][vc_empty_space height=&#8221;40px&#8221;][vc_custom_heading text=&#8221;INGREDIENTI&#8221; font_container=&#8221;tag:h4|text_align:left&#8221; use_theme_fonts=&#8221;yes&#8221; font_weight=&#8221;400&#8243;][vc_column_text]Solo ingredienti naturali: coscia di suino \u201cCinta Senese DOP\u201d, sale, spezie. SENZA GLUTINE, LATTOSIO E ZUCCHERO[\/vc_column_text][vc_custom_heading text=&#8221;CARATTERISTICHE PRINCIPALI&#8221; font_container=&#8221;tag:h4|text_align:left&#8221; use_theme_fonts=&#8221;yes&#8221; font_weight=&#8221;400&#8243;][vc_column_text css=&#8221;&#8221; css_params=&#8221;&#8221;]Stagionatura minima 36 mesi, solo ingredienti naturali,<br \/>\nsenza conservanti, senza additivi, gluten free.[\/vc_column_text][vc_custom_heading text=&#8221;FORMATI DISPONIBILI&#8221; font_container=&#8221;tag:h4|text_align:left&#8221; use_theme_fonts=&#8221;yes&#8221; font_weight=&#8221;400&#8243;][vc_column_text]<a href=\"http:\/\/www.renieri.net\/prodotto\/prosciutto-stagionato-da-cinta-senese-dop-intero-con-osso\/\">Prosciutto intero con osso<\/a>, <a href=\"http:\/\/www.renieri.net\/prodotto\/prosciutto-disossato-da-cinta-senese-dop\/\">Prosciutto intero disossato<\/a>, <a href=\"http:\/\/www.renieri.net\/prodotto\/prosciutto-stagionato-da-cinta-senese-dop-pezzo-sotto-vuoto\/\">trancio di prosciutto<\/a>, <a href=\"http:\/\/www.renieri.net\/prodotto\/prosciutto-stagionato-da-cinta-senese-dop-tagliato-a-mano-80gr\/\">Prosciutto affettato 80g<\/a>, <a href=\"http:\/\/www.renieri.net\/prodotto\/antipasto-misto-da-cinta-senese-dop-lombo-capocollo-prosciutto\/\">antipasto misto<\/a>, <a href=\"http:\/\/www.renieri.net\/prodotto\/box-degustazione-prosciutto-da-cinta-senese-dop-renieri\/\">Box degustazione prosciutto<\/a>.[\/vc_column_text][\/vc_column][\/vc_row]<\/p>\n<\/div>","protected":false},"excerpt":{"rendered":"<p>Prosciutto da &#8220;Cinta Senese DOP&#8221; RENIERI MAESTA&#8217; intero, disossato.<br \/>\nStagionato minimo 36 mesi. Comodo da affettare a macchina.<br \/>\nConfezione sottovuoto.<br \/>\nPeso da 5,5 Kg.<\/p>\n<p><img loading=\"lazy\" decoding=\"async\" class=\"alignnone wp-image-6994 \" src=\"https:\/\/www.renieri.net\/wp-content\/uploads\/2021\/11\/bollino-36-mesi.png\" alt=\"logo stagionato 36 mesi\" width=\"163\" height=\"163\" \/><\/p>\n<p>Il prosciutto da \u201cCinta Senese DOP\u201d MAESTA\u2019 nasce dalla volont\u00e0 di offrire ai nostri clienti un prodotto della massima qualit\u00e0, senza compromessi. Solo le migliori cosce dei suini di Cinta senese DOP vengono selezionate, quelle pi\u00f9 pesanti e con maggiore grasso di copertura.<\/p>\n<p>La prolungata stagionatura di minimo 36 mesi fa s\u00ec che il prosciutto esprima il maggior potenziale di sapori, profumi e gusto. Una meraviglia gastronomica, unica ed esclusiva.<\/p>\n<p>Principali caratteristiche di produzione sono l\u2019origine della materia prima:\u00a0<strong>Toscana, Colline Senesi;<\/strong>\u00a0Condizione dell\u2019allevamento:\u00a0<strong>stato brado in boschi di quercia.<\/strong><\/p>\n<p>Il prosciutto da \u201cCinta Senese DOP\u201d MAEST\u00c0 si aggiudica le \u201c3 fette con asterisco\u201d, il\u00a0<strong>premio come ECCELLENZA nella Guida \u201cGrandi Salumi 2023\u201d di Gambero Rosso<\/strong>, il massimo riconoscimento.<\/p>\n","protected":false},"featured_media":8362,"comment_status":"open","ping_status":"closed","template":"","meta":[],"product_brand":[],"product_cat":[99],"product_tag":[109,106],"class_list":{"0":"post-8357","1":"product","2":"type-product","3":"status-publish","4":"has-post-thumbnail","6":"product_cat-prosciutto-da-cinta","7":"product_tag-cinta-senese-dop","8":"product_tag-prosciutto-stagionato","9":"tm-no-options","11":"first","12":"instock","13":"featured","14":"shipping-taxable","15":"purchasable","16":"product-type-simple"},"yoast_head":"<!-- This site is optimized with the Yoast SEO plugin v27.1.1 - https:\/\/yoast.com\/product\/yoast-seo-wordpress\/ -->\n<title>Prosciutto da Cinta Senese DOP disossato | Renieri<\/title>\n<meta name=\"description\" content=\"Prosciutto disossato da Cinta Senese DOP Maest\u00e0 Renieri, stagionato 36 mesi, ideale da affettare a macchina. Confezionato sottovuoto.\" \/>\n<meta name=\"robots\" content=\"noindex, follow\" \/>\n<meta property=\"og:locale\" content=\"en_US\" \/>\n<meta property=\"og:type\" content=\"article\" \/>\n<meta property=\"og:title\" content=\"Prosciutto da Cinta Senese DOP Maest\u00e0 disossato | Renieri\" \/>\n<meta property=\"og:description\" content=\"Prosciutto disossato da Cinta Senese DOP Maest\u00e0 Renieri, stagionato 36 mesi, ideale da affettare a macchina. Confezionato sottovuoto.\" \/>\n<meta property=\"og:url\" content=\"http:\/\/www.renieri.net\/prodotto\/prosciutto-stagionato-da-cinta-senese-dop-intero-con-osso\/\" \/>\n<meta property=\"og:site_name\" content=\"Renieri\" \/>\n<meta property=\"article:publisher\" content=\"https:\/\/www.facebook.com\/renierisalumi\/\" \/>\n<meta property=\"article:modified_time\" content=\"2026-04-24T10:10:50+00:00\" \/>\n<meta property=\"og:image\" content=\"https:\/\/www.renieri.net\/wp-content\/uploads\/2021\/11\/il-prosciutto-disossato-da-cinta-senese-Renieri.jpg\" \/>\n\t<meta property=\"og:image:width\" content=\"1200\" \/>\n\t<meta property=\"og:image:height\" content=\"1200\" \/>\n\t<meta property=\"og:image:type\" content=\"image\/jpeg\" \/>\n<meta name=\"twitter:card\" content=\"summary_large_image\" \/>\n<meta name=\"twitter:label1\" content=\"Est. reading time\" \/>\n\t<meta name=\"twitter:data1\" content=\"1 minute\" \/>\n<script type=\"application\/ld+json\" class=\"yoast-schema-graph\">{\"@context\":\"https:\/\/schema.org\",\"@graph\":[{\"@type\":\"WebPage\",\"@id\":\"https:\/\/www.renieri.net\/prodotto\/prosciutto-da-cinta-senese-dop-36-mesi-maesta-disossato\/\",\"url\":\"http:\/\/www.renieri.net\/prodotto\/prosciutto-stagionato-da-cinta-senese-dop-intero-con-osso\/\",\"name\":\"Prosciutto da Cinta Senese DOP disossato | Renieri\",\"isPartOf\":{\"@id\":\"https:\/\/www.renieri.net\/#website\"},\"primaryImageOfPage\":{\"@id\":\"http:\/\/www.renieri.net\/prodotto\/prosciutto-stagionato-da-cinta-senese-dop-intero-con-osso\/#primaryimage\"},\"image\":{\"@id\":\"http:\/\/www.renieri.net\/prodotto\/prosciutto-stagionato-da-cinta-senese-dop-intero-con-osso\/#primaryimage\"},\"thumbnailUrl\":\"https:\/\/www.renieri.net\/wp-content\/uploads\/2021\/09\/prosciutto-disossato-measta-36-mesi-Renieri.webp\",\"datePublished\":\"2021-09-21T08:58:04+00:00\",\"dateModified\":\"2026-04-24T10:10:50+00:00\",\"description\":\"Prosciutto disossato da Cinta Senese DOP Maest\u00e0 Renieri, stagionato 36 mesi, ideale da affettare a macchina. Confezionato sottovuoto.\",\"breadcrumb\":{\"@id\":\"http:\/\/www.renieri.net\/prodotto\/prosciutto-stagionato-da-cinta-senese-dop-intero-con-osso\/#breadcrumb\"},\"inLanguage\":\"en-US\",\"potentialAction\":[{\"@type\":\"ReadAction\",\"target\":[\"http:\/\/www.renieri.net\/prodotto\/prosciutto-stagionato-da-cinta-senese-dop-intero-con-osso\/\"]}]},{\"@type\":\"ImageObject\",\"inLanguage\":\"en-US\",\"@id\":\"http:\/\/www.renieri.net\/prodotto\/prosciutto-stagionato-da-cinta-senese-dop-intero-con-osso\/#primaryimage\",\"url\":\"https:\/\/www.renieri.net\/wp-content\/uploads\/2021\/09\/prosciutto-disossato-measta-36-mesi-Renieri.webp\",\"contentUrl\":\"https:\/\/www.renieri.net\/wp-content\/uploads\/2021\/09\/prosciutto-disossato-measta-36-mesi-Renieri.webp\",\"width\":1200,\"height\":1200},{\"@type\":\"BreadcrumbList\",\"@id\":\"http:\/\/www.renieri.net\/prodotto\/prosciutto-stagionato-da-cinta-senese-dop-intero-con-osso\/#breadcrumb\",\"itemListElement\":[{\"@type\":\"ListItem\",\"position\":1,\"name\":\"Home\",\"item\":\"https:\/\/www.renieri.net\/\"},{\"@type\":\"ListItem\",\"position\":2,\"name\":\"Prodotti\",\"item\":\"https:\/\/www.renieri.net\/shop\/\"},{\"@type\":\"ListItem\",\"position\":3,\"name\":\"Prosciutto da &#8220;Cinta Senese DOP&#8221; 36 mesi Maest\u00e0, disossato\"}]},{\"@type\":\"WebSite\",\"@id\":\"https:\/\/www.renieri.net\/#website\",\"url\":\"https:\/\/www.renieri.net\/\",\"name\":\"Renieri\",\"description\":\"Prosciutto da Cinta Senese e Salumi Toscani\",\"publisher\":{\"@id\":\"https:\/\/www.renieri.net\/#organization\"},\"potentialAction\":[{\"@type\":\"SearchAction\",\"target\":{\"@type\":\"EntryPoint\",\"urlTemplate\":\"https:\/\/www.renieri.net\/?s={search_term_string}\"},\"query-input\":{\"@type\":\"PropertyValueSpecification\",\"valueRequired\":true,\"valueName\":\"search_term_string\"}}],\"inLanguage\":\"en-US\"},{\"@type\":\"Organization\",\"@id\":\"https:\/\/www.renieri.net\/#organization\",\"name\":\"RENIERI DIGAR srl\",\"url\":\"https:\/\/www.renieri.net\/\",\"logo\":{\"@type\":\"ImageObject\",\"inLanguage\":\"en-US\",\"@id\":\"https:\/\/www.renieri.net\/#\/schema\/logo\/image\/\",\"url\":\"https:\/\/www.renieri.net\/wp-content\/uploads\/2021\/12\/renieri-salumi-blu.png\",\"contentUrl\":\"https:\/\/www.renieri.net\/wp-content\/uploads\/2021\/12\/renieri-salumi-blu.png\",\"width\":290,\"height\":96,\"caption\":\"RENIERI DIGAR srl\"},\"image\":{\"@id\":\"https:\/\/www.renieri.net\/#\/schema\/logo\/image\/\"},\"sameAs\":[\"https:\/\/www.facebook.com\/renierisalumi\/\",\"https:\/\/www.instagram.com\/renierisalumi\/\",\"https:\/\/www.pinterest.it\/renierisalumi\/\",\"https:\/\/www.youtube.com\/channel\/UC_WRgwaXtt24-PDrcZhjRog\"]}]}<\/script>\n<!-- \/ Yoast SEO plugin. -->","yoast_head_json":{"title":"Prosciutto da Cinta Senese DOP disossato | Renieri","description":"Prosciutto disossato da Cinta Senese DOP Maest\u00e0 Renieri, stagionato 36 mesi, ideale da affettare a macchina. Confezionato sottovuoto.","robots":{"index":"noindex","follow":"follow"},"og_locale":"en_US","og_type":"article","og_title":"Prosciutto da Cinta Senese DOP Maest\u00e0 disossato | Renieri","og_description":"Prosciutto disossato da Cinta Senese DOP Maest\u00e0 Renieri, stagionato 36 mesi, ideale da affettare a macchina. Confezionato sottovuoto.","og_url":"http:\/\/www.renieri.net\/prodotto\/prosciutto-stagionato-da-cinta-senese-dop-intero-con-osso\/","og_site_name":"Renieri","article_publisher":"https:\/\/www.facebook.com\/renierisalumi\/","article_modified_time":"2026-04-24T10:10:50+00:00","og_image":[{"width":1200,"height":1200,"url":"https:\/\/www.renieri.net\/wp-content\/uploads\/2021\/11\/il-prosciutto-disossato-da-cinta-senese-Renieri.jpg","type":"image\/jpeg"}],"twitter_card":"summary_large_image","twitter_misc":{"Est. reading time":"1 minute"},"schema":{"@context":"https:\/\/schema.org","@graph":[{"@type":"WebPage","@id":"https:\/\/www.renieri.net\/prodotto\/prosciutto-da-cinta-senese-dop-36-mesi-maesta-disossato\/","url":"http:\/\/www.renieri.net\/prodotto\/prosciutto-stagionato-da-cinta-senese-dop-intero-con-osso\/","name":"Prosciutto da Cinta Senese DOP disossato | Renieri","isPartOf":{"@id":"https:\/\/www.renieri.net\/#website"},"primaryImageOfPage":{"@id":"http:\/\/www.renieri.net\/prodotto\/prosciutto-stagionato-da-cinta-senese-dop-intero-con-osso\/#primaryimage"},"image":{"@id":"http:\/\/www.renieri.net\/prodotto\/prosciutto-stagionato-da-cinta-senese-dop-intero-con-osso\/#primaryimage"},"thumbnailUrl":"https:\/\/www.renieri.net\/wp-content\/uploads\/2021\/09\/prosciutto-disossato-measta-36-mesi-Renieri.webp","datePublished":"2021-09-21T08:58:04+00:00","dateModified":"2026-04-24T10:10:50+00:00","description":"Prosciutto disossato da Cinta Senese DOP Maest\u00e0 Renieri, stagionato 36 mesi, ideale da affettare a macchina. Confezionato sottovuoto.","breadcrumb":{"@id":"http:\/\/www.renieri.net\/prodotto\/prosciutto-stagionato-da-cinta-senese-dop-intero-con-osso\/#breadcrumb"},"inLanguage":"en-US","potentialAction":[{"@type":"ReadAction","target":["http:\/\/www.renieri.net\/prodotto\/prosciutto-stagionato-da-cinta-senese-dop-intero-con-osso\/"]}]},{"@type":"ImageObject","inLanguage":"en-US","@id":"http:\/\/www.renieri.net\/prodotto\/prosciutto-stagionato-da-cinta-senese-dop-intero-con-osso\/#primaryimage","url":"https:\/\/www.renieri.net\/wp-content\/uploads\/2021\/09\/prosciutto-disossato-measta-36-mesi-Renieri.webp","contentUrl":"https:\/\/www.renieri.net\/wp-content\/uploads\/2021\/09\/prosciutto-disossato-measta-36-mesi-Renieri.webp","width":1200,"height":1200},{"@type":"BreadcrumbList","@id":"http:\/\/www.renieri.net\/prodotto\/prosciutto-stagionato-da-cinta-senese-dop-intero-con-osso\/#breadcrumb","itemListElement":[{"@type":"ListItem","position":1,"name":"Home","item":"https:\/\/www.renieri.net\/"},{"@type":"ListItem","position":2,"name":"Prodotti","item":"https:\/\/www.renieri.net\/shop\/"},{"@type":"ListItem","position":3,"name":"Prosciutto da &#8220;Cinta Senese DOP&#8221; 36 mesi Maest\u00e0, disossato"}]},{"@type":"WebSite","@id":"https:\/\/www.renieri.net\/#website","url":"https:\/\/www.renieri.net\/","name":"Renieri","description":"Prosciutto da Cinta Senese e Salumi Toscani","publisher":{"@id":"https:\/\/www.renieri.net\/#organization"},"potentialAction":[{"@type":"SearchAction","target":{"@type":"EntryPoint","urlTemplate":"https:\/\/www.renieri.net\/?s={search_term_string}"},"query-input":{"@type":"PropertyValueSpecification","valueRequired":true,"valueName":"search_term_string"}}],"inLanguage":"en-US"},{"@type":"Organization","@id":"https:\/\/www.renieri.net\/#organization","name":"RENIERI DIGAR srl","url":"https:\/\/www.renieri.net\/","logo":{"@type":"ImageObject","inLanguage":"en-US","@id":"https:\/\/www.renieri.net\/#\/schema\/logo\/image\/","url":"https:\/\/www.renieri.net\/wp-content\/uploads\/2021\/12\/renieri-salumi-blu.png","contentUrl":"https:\/\/www.renieri.net\/wp-content\/uploads\/2021\/12\/renieri-salumi-blu.png","width":290,"height":96,"caption":"RENIERI DIGAR srl"},"image":{"@id":"https:\/\/www.renieri.net\/#\/schema\/logo\/image\/"},"sameAs":["https:\/\/www.facebook.com\/renierisalumi\/","https:\/\/www.instagram.com\/renierisalumi\/","https:\/\/www.pinterest.it\/renierisalumi\/","https:\/\/www.youtube.com\/channel\/UC_WRgwaXtt24-PDrcZhjRog"]}]}},"_links":{"self":[{"href":"https:\/\/www.renieri.net\/en\/wp-json\/wp\/v2\/product\/8357","targetHints":{"allow":["GET"]}}],"collection":[{"href":"https:\/\/www.renieri.net\/en\/wp-json\/wp\/v2\/product"}],"about":[{"href":"https:\/\/www.renieri.net\/en\/wp-json\/wp\/v2\/types\/product"}],"replies":[{"embeddable":true,"href":"https:\/\/www.renieri.net\/en\/wp-json\/wp\/v2\/comments?post=8357"}],"wp:featuredmedia":[{"embeddable":true,"href":"https:\/\/www.renieri.net\/en\/wp-json\/wp\/v2\/media\/8362"}],"wp:attachment":[{"href":"https:\/\/www.renieri.net\/en\/wp-json\/wp\/v2\/media?parent=8357"}],"wp:term":[{"taxonomy":"product_brand","embeddable":true,"href":"https:\/\/www.renieri.net\/en\/wp-json\/wp\/v2\/product_brand?post=8357"},{"taxonomy":"product_cat","embeddable":true,"href":"https:\/\/www.renieri.net\/en\/wp-json\/wp\/v2\/product_cat?post=8357"},{"taxonomy":"product_tag","embeddable":true,"href":"https:\/\/www.renieri.net\/en\/wp-json\/wp\/v2\/product_tag?post=8357"}],"curies":[{"name":"wp","href":"https:\/\/api.w.org\/{rel}","templated":true}]}}