{"id":6687,"date":"2021-11-10T17:30:01","date_gmt":"2021-11-10T17:30:01","guid":{"rendered":"https:\/\/www.renieri.net\/?post_type=product&#038;p=6687"},"modified":"2024-06-04T09:36:31","modified_gmt":"2024-06-04T09:36:31","slug":"prosciutto-da-cinta-senese-dop-24-mesi-maesta-pezzo-sv","status":"publish","type":"product","link":"https:\/\/www.renieri.net\/en\/product\/prosciutto-da-cinta-senese-dop-24-mesi-maesta-pezzo-sv\/","title":{"rendered":"Prosciutto da &#8220;Cinta Senese DOP&#8221; 36 mesi Maest\u00e0, pezzo s.v."},"content":{"rendered":"<div class=\"wpb-content-wrapper\"><p>[vc_row el_class=&#8221;m-b-md&#8221;][vc_column][vc_empty_space height=&#8221;40px&#8221;][vc_custom_heading text=&#8221;INGREDIENTI&#8221; font_container=&#8221;tag:h4|text_align:left&#8221; use_theme_fonts=&#8221;yes&#8221; font_weight=&#8221;400&#8243;][vc_column_text]Solo ingredienti naturali: coscia di suino \u201cCinta Senese DOP\u201d, sale, spezie. SENZA GLUTINE, LATTOSIO E ZUCCHERO[\/vc_column_text][vc_custom_heading text=&#8221;CARATTERISTICHE PRINCIPALI&#8221; font_container=&#8221;tag:h4|text_align:left&#8221; use_theme_fonts=&#8221;yes&#8221; font_weight=&#8221;400&#8243;][vc_column_text]Stagionatura minima 36 mesi, solo ingredienti naturali,<br \/>\nsenza conservanti, senza additivi, gluten free.[\/vc_column_text][vc_custom_heading text=&#8221;FORMATI DISPONIBILI&#8221; font_container=&#8221;tag:h4|text_align:left&#8221; use_theme_fonts=&#8221;yes&#8221; font_weight=&#8221;400&#8243;][vc_column_text]<a href=\"https:\/\/www.renieri.net\/prodotto\/prosciutto-da-cinta-senese-dop-24-mesi-maesta\/\">Prosciutto intero con osso stagionato 36 mesi<\/a>, <a href=\"https:\/\/www.renieri.net\/prodotto\/prosciutto-da-cinta-senese-dop-24-mesi-maesta-pezzo-sv\/\">pezzo di prosciutto sotto vuoto stagionato 36 mesi<\/a>, <a href=\"https:\/\/www.renieri.net\/prodotto\/prosciutto-da-cinta-senese-dop-24-mesi-maesta-tagliato-a-mano-70-gr\">Prosciutto affettato 70g<\/a>.[\/vc_column_text][\/vc_column][\/vc_row]<\/p>\n<\/div>","protected":false},"excerpt":{"rendered":"<p>Prosciutto da &#8220;Cinta Senese Dop&#8221; RENIERI MAESTA\u2019 pezzo sottovuoto.<br \/>\nRealizzato dalla culatta del prosciutto, \u00e8 la parte pi\u00f9 morbida e delicata.<br \/>\nComodo da affettare a macchina.<br \/>\nConfezione sottovuoto.<\/p>\n<p><img loading=\"lazy\" decoding=\"async\" class=\"alignnone wp-image-6996 size-medium\" src=\"https:\/\/www.renieri.net\/wp-content\/uploads\/2021\/11\/eccellenza-gambero-rosso-300x131.png\" alt=\"Eccellenza Gambero Rosso\" width=\"300\" height=\"131\" \/><\/p>\n<p style=\"text-align: justify;\">Il <strong>prosciutto stagionato da &#8220;CINTA SENESE DOP&#8221; Maest\u00e0<\/strong> nasce dalla volont\u00e0 di offrire ai nostri clienti un prodotto della massima qualit\u00e0, senza compromessi. Solo le migliori cosce dei suini di Cinta senese DOP vengono selezionate, quelle pi\u00f9 pesanti e con maggiore grasso di copertura. La prolungata stagionatura di minimo 36 mesi fa s\u00ec che il prosciutto esprima il maggior potenziale di sapori, profumi e gusto. Una meraviglia gastronomica, unica ed esclusiva.<\/p>\n<p style=\"text-align: justify;\">Principali caratterisitiche di produzione sono l&#8217;origine della materia prima:\u00a0<strong>Toscana, Colline Senesi;<\/strong>\u00a0Condizione dell&#8217;allevamento:\u00a0<strong>stato brado in boschi di quercia.<\/strong><\/p>\n<p style=\"text-align: justify;\">Il prosciutto da \u201cCinta Senese DOP\u201d MAEST\u00c0 si aggiudica le \u201c<strong>3 fette con asterisco<\/strong>\u201d, il premio come <strong>ECCELLENZA nella Guida \u201cGrandi Salumi 2023\u201d di Gambero Rosso<\/strong>, il massimo riconoscimento.<\/p>\n","protected":false},"featured_media":6752,"comment_status":"open","ping_status":"closed","template":"","meta":[],"product_brand":[],"product_cat":[99],"product_tag":[109,106],"class_list":{"0":"post-6687","1":"product","2":"type-product","3":"status-publish","4":"has-post-thumbnail","6":"product_cat-prosciutto-da-cinta","7":"product_tag-cinta-senese-dop","8":"product_tag-prosciutto-stagionato","9":"tm-no-options","11":"first","12":"instock","13":"featured","14":"shipping-taxable","15":"purchasable","16":"product-type-variable"},"yoast_head":"<!-- This site is optimized with the Yoast SEO plugin v27.1.1 - https:\/\/yoast.com\/product\/yoast-seo-wordpress\/ -->\n<title>Prosciutto da Cinta Senese DOP stagionato 24 mesi<\/title>\n<meta name=\"description\" content=\"Prosciutto stagionato da Cinta Senese DOP Maest\u00e0 Renieri pezzo sottovuoto, comodo da affettare a macchina.\" \/>\n<meta name=\"robots\" content=\"index, follow, max-snippet:-1, max-image-preview:large, max-video-preview:-1\" \/>\n<link rel=\"canonical\" href=\"https:\/\/www.renieri.net\/prodotto\/prosciutto-da-cinta-senese-dop-24-mesi-maesta-pezzo-sv\/\" \/>\n<meta property=\"og:locale\" content=\"en_US\" \/>\n<meta property=\"og:type\" content=\"article\" \/>\n<meta property=\"og:title\" content=\"Prosciutto da Cinta Senese DOP stagionato 24 mesi\" \/>\n<meta property=\"og:description\" content=\"Prosciutto stagionato da Cinta Senese DOP Maest\u00e0 Renieri pezzo sottovuoto, comodo da affettare a macchina.\" \/>\n<meta property=\"og:url\" content=\"https:\/\/www.renieri.net\/prodotto\/prosciutto-da-cinta-senese-dop-24-mesi-maesta-pezzo-sv\/\" \/>\n<meta property=\"og:site_name\" content=\"Renieri\" \/>\n<meta property=\"article:publisher\" content=\"https:\/\/www.facebook.com\/renierisalumi\/\" \/>\n<meta property=\"article:modified_time\" content=\"2024-06-04T09:36:31+00:00\" \/>\n<meta property=\"og:image\" content=\"https:\/\/www.renieri.net\/wp-content\/uploads\/2021\/11\/prosciutto-di-cinta-senese-maesta-Renieri-pezzo-sv.webp\" \/>\n\t<meta property=\"og:image:width\" content=\"1200\" \/>\n\t<meta property=\"og:image:height\" content=\"1200\" \/>\n\t<meta property=\"og:image:type\" content=\"image\/webp\" \/>\n<meta name=\"twitter:card\" content=\"summary_large_image\" \/>\n<meta name=\"twitter:label1\" content=\"Est. reading time\" \/>\n\t<meta name=\"twitter:data1\" content=\"1 minute\" \/>\n<script type=\"application\/ld+json\" class=\"yoast-schema-graph\">{\"@context\":\"https:\/\/schema.org\",\"@graph\":[{\"@type\":\"WebPage\",\"@id\":\"https:\/\/www.renieri.net\/prodotto\/prosciutto-da-cinta-senese-dop-24-mesi-maesta-pezzo-sv\/\",\"url\":\"https:\/\/www.renieri.net\/prodotto\/prosciutto-da-cinta-senese-dop-24-mesi-maesta-pezzo-sv\/\",\"name\":\"Prosciutto da Cinta Senese DOP stagionato 24 mesi\",\"isPartOf\":{\"@id\":\"https:\/\/www.renieri.net\/#website\"},\"primaryImageOfPage\":{\"@id\":\"https:\/\/www.renieri.net\/prodotto\/prosciutto-da-cinta-senese-dop-24-mesi-maesta-pezzo-sv\/#primaryimage\"},\"image\":{\"@id\":\"https:\/\/www.renieri.net\/prodotto\/prosciutto-da-cinta-senese-dop-24-mesi-maesta-pezzo-sv\/#primaryimage\"},\"thumbnailUrl\":\"https:\/\/www.renieri.net\/wp-content\/uploads\/2021\/11\/prosciutto-di-cinta-senese-maesta-Renieri-pezzo-sv.webp\",\"datePublished\":\"2021-11-10T17:30:01+00:00\",\"dateModified\":\"2024-06-04T09:36:31+00:00\",\"description\":\"Prosciutto stagionato da Cinta Senese DOP Maest\u00e0 Renieri pezzo sottovuoto, comodo da affettare a macchina.\",\"breadcrumb\":{\"@id\":\"https:\/\/www.renieri.net\/prodotto\/prosciutto-da-cinta-senese-dop-24-mesi-maesta-pezzo-sv\/#breadcrumb\"},\"inLanguage\":\"en-US\",\"potentialAction\":[{\"@type\":\"ReadAction\",\"target\":[\"https:\/\/www.renieri.net\/prodotto\/prosciutto-da-cinta-senese-dop-24-mesi-maesta-pezzo-sv\/\"]}]},{\"@type\":\"ImageObject\",\"inLanguage\":\"en-US\",\"@id\":\"https:\/\/www.renieri.net\/prodotto\/prosciutto-da-cinta-senese-dop-24-mesi-maesta-pezzo-sv\/#primaryimage\",\"url\":\"https:\/\/www.renieri.net\/wp-content\/uploads\/2021\/11\/prosciutto-di-cinta-senese-maesta-Renieri-pezzo-sv.webp\",\"contentUrl\":\"https:\/\/www.renieri.net\/wp-content\/uploads\/2021\/11\/prosciutto-di-cinta-senese-maesta-Renieri-pezzo-sv.webp\",\"width\":1200,\"height\":1200,\"caption\":\"culatta di cinta senese Renieri maest\u00e0 stagionato 36 mesi\"},{\"@type\":\"BreadcrumbList\",\"@id\":\"https:\/\/www.renieri.net\/prodotto\/prosciutto-da-cinta-senese-dop-24-mesi-maesta-pezzo-sv\/#breadcrumb\",\"itemListElement\":[{\"@type\":\"ListItem\",\"position\":1,\"name\":\"Home\",\"item\":\"https:\/\/www.renieri.net\/\"},{\"@type\":\"ListItem\",\"position\":2,\"name\":\"Prodotti\",\"item\":\"https:\/\/www.renieri.net\/shop\/\"},{\"@type\":\"ListItem\",\"position\":3,\"name\":\"Prosciutto da &#8220;Cinta Senese DOP&#8221; 36 mesi Maest\u00e0, pezzo s.v.\"}]},{\"@type\":\"WebSite\",\"@id\":\"https:\/\/www.renieri.net\/#website\",\"url\":\"https:\/\/www.renieri.net\/\",\"name\":\"Renieri\",\"description\":\"Prosciutto da Cinta Senese e Salumi Toscani\",\"publisher\":{\"@id\":\"https:\/\/www.renieri.net\/#organization\"},\"potentialAction\":[{\"@type\":\"SearchAction\",\"target\":{\"@type\":\"EntryPoint\",\"urlTemplate\":\"https:\/\/www.renieri.net\/?s={search_term_string}\"},\"query-input\":{\"@type\":\"PropertyValueSpecification\",\"valueRequired\":true,\"valueName\":\"search_term_string\"}}],\"inLanguage\":\"en-US\"},{\"@type\":\"Organization\",\"@id\":\"https:\/\/www.renieri.net\/#organization\",\"name\":\"RENIERI DIGAR srl\",\"url\":\"https:\/\/www.renieri.net\/\",\"logo\":{\"@type\":\"ImageObject\",\"inLanguage\":\"en-US\",\"@id\":\"https:\/\/www.renieri.net\/#\/schema\/logo\/image\/\",\"url\":\"https:\/\/www.renieri.net\/wp-content\/uploads\/2021\/12\/renieri-salumi-blu.png\",\"contentUrl\":\"https:\/\/www.renieri.net\/wp-content\/uploads\/2021\/12\/renieri-salumi-blu.png\",\"width\":290,\"height\":96,\"caption\":\"RENIERI DIGAR srl\"},\"image\":{\"@id\":\"https:\/\/www.renieri.net\/#\/schema\/logo\/image\/\"},\"sameAs\":[\"https:\/\/www.facebook.com\/renierisalumi\/\",\"https:\/\/www.instagram.com\/renierisalumi\/\",\"https:\/\/www.pinterest.it\/renierisalumi\/\",\"https:\/\/www.youtube.com\/channel\/UC_WRgwaXtt24-PDrcZhjRog\"]}]}<\/script>\n<!-- \/ Yoast SEO plugin. -->","yoast_head_json":{"title":"Prosciutto da Cinta Senese DOP stagionato 24 mesi","description":"Prosciutto stagionato da Cinta Senese DOP Maest\u00e0 Renieri pezzo sottovuoto, comodo da affettare a macchina.","robots":{"index":"index","follow":"follow","max-snippet":"max-snippet:-1","max-image-preview":"max-image-preview:large","max-video-preview":"max-video-preview:-1"},"canonical":"https:\/\/www.renieri.net\/prodotto\/prosciutto-da-cinta-senese-dop-24-mesi-maesta-pezzo-sv\/","og_locale":"en_US","og_type":"article","og_title":"Prosciutto da Cinta Senese DOP stagionato 24 mesi","og_description":"Prosciutto stagionato da Cinta Senese DOP Maest\u00e0 Renieri pezzo sottovuoto, comodo da affettare a macchina.","og_url":"https:\/\/www.renieri.net\/prodotto\/prosciutto-da-cinta-senese-dop-24-mesi-maesta-pezzo-sv\/","og_site_name":"Renieri","article_publisher":"https:\/\/www.facebook.com\/renierisalumi\/","article_modified_time":"2024-06-04T09:36:31+00:00","og_image":[{"width":1200,"height":1200,"url":"https:\/\/www.renieri.net\/wp-content\/uploads\/2021\/11\/prosciutto-di-cinta-senese-maesta-Renieri-pezzo-sv.webp","type":"image\/webp"}],"twitter_card":"summary_large_image","twitter_misc":{"Est. reading time":"1 minute"},"schema":{"@context":"https:\/\/schema.org","@graph":[{"@type":"WebPage","@id":"https:\/\/www.renieri.net\/prodotto\/prosciutto-da-cinta-senese-dop-24-mesi-maesta-pezzo-sv\/","url":"https:\/\/www.renieri.net\/prodotto\/prosciutto-da-cinta-senese-dop-24-mesi-maesta-pezzo-sv\/","name":"Prosciutto da Cinta Senese DOP stagionato 24 mesi","isPartOf":{"@id":"https:\/\/www.renieri.net\/#website"},"primaryImageOfPage":{"@id":"https:\/\/www.renieri.net\/prodotto\/prosciutto-da-cinta-senese-dop-24-mesi-maesta-pezzo-sv\/#primaryimage"},"image":{"@id":"https:\/\/www.renieri.net\/prodotto\/prosciutto-da-cinta-senese-dop-24-mesi-maesta-pezzo-sv\/#primaryimage"},"thumbnailUrl":"https:\/\/www.renieri.net\/wp-content\/uploads\/2021\/11\/prosciutto-di-cinta-senese-maesta-Renieri-pezzo-sv.webp","datePublished":"2021-11-10T17:30:01+00:00","dateModified":"2024-06-04T09:36:31+00:00","description":"Prosciutto stagionato da Cinta Senese DOP Maest\u00e0 Renieri pezzo sottovuoto, comodo da affettare a macchina.","breadcrumb":{"@id":"https:\/\/www.renieri.net\/prodotto\/prosciutto-da-cinta-senese-dop-24-mesi-maesta-pezzo-sv\/#breadcrumb"},"inLanguage":"en-US","potentialAction":[{"@type":"ReadAction","target":["https:\/\/www.renieri.net\/prodotto\/prosciutto-da-cinta-senese-dop-24-mesi-maesta-pezzo-sv\/"]}]},{"@type":"ImageObject","inLanguage":"en-US","@id":"https:\/\/www.renieri.net\/prodotto\/prosciutto-da-cinta-senese-dop-24-mesi-maesta-pezzo-sv\/#primaryimage","url":"https:\/\/www.renieri.net\/wp-content\/uploads\/2021\/11\/prosciutto-di-cinta-senese-maesta-Renieri-pezzo-sv.webp","contentUrl":"https:\/\/www.renieri.net\/wp-content\/uploads\/2021\/11\/prosciutto-di-cinta-senese-maesta-Renieri-pezzo-sv.webp","width":1200,"height":1200,"caption":"culatta di cinta senese Renieri maest\u00e0 stagionato 36 mesi"},{"@type":"BreadcrumbList","@id":"https:\/\/www.renieri.net\/prodotto\/prosciutto-da-cinta-senese-dop-24-mesi-maesta-pezzo-sv\/#breadcrumb","itemListElement":[{"@type":"ListItem","position":1,"name":"Home","item":"https:\/\/www.renieri.net\/"},{"@type":"ListItem","position":2,"name":"Prodotti","item":"https:\/\/www.renieri.net\/shop\/"},{"@type":"ListItem","position":3,"name":"Prosciutto da &#8220;Cinta Senese DOP&#8221; 36 mesi Maest\u00e0, pezzo s.v."}]},{"@type":"WebSite","@id":"https:\/\/www.renieri.net\/#website","url":"https:\/\/www.renieri.net\/","name":"Renieri","description":"Prosciutto da Cinta Senese e Salumi Toscani","publisher":{"@id":"https:\/\/www.renieri.net\/#organization"},"potentialAction":[{"@type":"SearchAction","target":{"@type":"EntryPoint","urlTemplate":"https:\/\/www.renieri.net\/?s={search_term_string}"},"query-input":{"@type":"PropertyValueSpecification","valueRequired":true,"valueName":"search_term_string"}}],"inLanguage":"en-US"},{"@type":"Organization","@id":"https:\/\/www.renieri.net\/#organization","name":"RENIERI DIGAR srl","url":"https:\/\/www.renieri.net\/","logo":{"@type":"ImageObject","inLanguage":"en-US","@id":"https:\/\/www.renieri.net\/#\/schema\/logo\/image\/","url":"https:\/\/www.renieri.net\/wp-content\/uploads\/2021\/12\/renieri-salumi-blu.png","contentUrl":"https:\/\/www.renieri.net\/wp-content\/uploads\/2021\/12\/renieri-salumi-blu.png","width":290,"height":96,"caption":"RENIERI DIGAR srl"},"image":{"@id":"https:\/\/www.renieri.net\/#\/schema\/logo\/image\/"},"sameAs":["https:\/\/www.facebook.com\/renierisalumi\/","https:\/\/www.instagram.com\/renierisalumi\/","https:\/\/www.pinterest.it\/renierisalumi\/","https:\/\/www.youtube.com\/channel\/UC_WRgwaXtt24-PDrcZhjRog"]}]}},"_links":{"self":[{"href":"https:\/\/www.renieri.net\/en\/wp-json\/wp\/v2\/product\/6687","targetHints":{"allow":["GET"]}}],"collection":[{"href":"https:\/\/www.renieri.net\/en\/wp-json\/wp\/v2\/product"}],"about":[{"href":"https:\/\/www.renieri.net\/en\/wp-json\/wp\/v2\/types\/product"}],"replies":[{"embeddable":true,"href":"https:\/\/www.renieri.net\/en\/wp-json\/wp\/v2\/comments?post=6687"}],"wp:featuredmedia":[{"embeddable":true,"href":"https:\/\/www.renieri.net\/en\/wp-json\/wp\/v2\/media\/6752"}],"wp:attachment":[{"href":"https:\/\/www.renieri.net\/en\/wp-json\/wp\/v2\/media?parent=6687"}],"wp:term":[{"taxonomy":"product_brand","embeddable":true,"href":"https:\/\/www.renieri.net\/en\/wp-json\/wp\/v2\/product_brand?post=6687"},{"taxonomy":"product_cat","embeddable":true,"href":"https:\/\/www.renieri.net\/en\/wp-json\/wp\/v2\/product_cat?post=6687"},{"taxonomy":"product_tag","embeddable":true,"href":"https:\/\/www.renieri.net\/en\/wp-json\/wp\/v2\/product_tag?post=6687"}],"curies":[{"name":"wp","href":"https:\/\/api.w.org\/{rel}","templated":true}]}}