{"id":6287,"date":"2021-09-21T08:00:17","date_gmt":"2021-09-21T08:00:17","guid":{"rendered":"https:\/\/www.renieri.net\/?post_type=product&#038;p=6287"},"modified":"2025-11-19T08:50:01","modified_gmt":"2025-11-19T08:50:01","slug":"prosciutto-da-cinta-senese-dop-36-mesi-maesta","status":"publish","type":"product","link":"https:\/\/www.renieri.net\/en\/product\/prosciutto-da-cinta-senese-dop-36-mesi-maesta\/","title":{"rendered":"Prosciutto da &#8220;Cinta Senese DOP&#8221; 36 mesi MAESTA&#8217;"},"content":{"rendered":"<div class=\"wpb-content-wrapper\"><p>[vc_row el_class=&#8221;m-b-md&#8221;][vc_column][vc_empty_space height=&#8221;40px&#8221;][vc_custom_heading text=&#8221;INGREDIENTI&#8221; font_container=&#8221;tag:h4|text_align:left&#8221; use_theme_fonts=&#8221;yes&#8221; font_weight=&#8221;400&#8243;][vc_column_text]Solo ingredienti naturali: coscia di suino \u201cCinta Senese DOP\u201d, sale, spezie. SENZA GLUTINE, LATTOSIO E ZUCCHERO[\/vc_column_text][vc_custom_heading text=&#8221;CARATTERISTICHE PRINCIPALI&#8221; font_container=&#8221;tag:h4|text_align:left&#8221; use_theme_fonts=&#8221;yes&#8221; font_weight=&#8221;400&#8243;][vc_column_text]Stagionatura minima 36 mesi, solo ingredienti naturali,<br \/>\nsenza conservanti, senza additivi, gluten free.[\/vc_column_text][vc_custom_heading text=&#8221;FORMATI DISPONIBILI&#8221; font_container=&#8221;tag:h4|text_align:left&#8221; use_theme_fonts=&#8221;yes&#8221; font_weight=&#8221;400&#8243;][vc_column_text]<a href=\"#\">Prosciutto intero con osso<\/a>, <a href=\"#\">Prosciutto affettato 70g<\/a>.[\/vc_column_text][\/vc_column][\/vc_row]<\/p>\n<\/div>","protected":false},"excerpt":{"rendered":"<p>Prosciutto da &#8220;Cinta Senese DOP&#8221; RENIERI MAEST\u00c0<br \/>\nstagionato minimo 36 mesi 8,5 Kg.<\/p>\n<p><img loading=\"lazy\" decoding=\"async\" class=\"alignnone wp-image-7034 size-full\" src=\"https:\/\/www.renieri.net\/wp-content\/uploads\/2021\/09\/bollini-prosciutto-di-cinta-Renieri-1.png\" alt=\"Eccellenza Gambero Rosso\" width=\"403\" height=\"120\" srcset=\"https:\/\/www.renieri.net\/wp-content\/uploads\/2021\/09\/bollini-prosciutto-di-cinta-Renieri-1.png 403w, https:\/\/www.renieri.net\/wp-content\/uploads\/2021\/09\/bollini-prosciutto-di-cinta-Renieri-1-400x120.png 400w, https:\/\/www.renieri.net\/wp-content\/uploads\/2021\/09\/bollini-prosciutto-di-cinta-Renieri-1-367x109.png 367w\" sizes=\"auto, (max-width: 403px) 100vw, 403px\" \/><\/p>\n<p>Il prosciutto da &#8220;Cinta Senese DOP&#8221; MAESTA&#8217; nasce dalla volont\u00e0 di offrire ai nostri clienti un prodotto della massima qualit\u00e0, senza compromessi. Solo le migliori cosce dei suini di Cinta senese DOP vengono selezionate, quelle pi\u00f9 pesanti e con maggiore grasso di copertura.<\/p>\n<p>La prolungata stagionatura di minimo 36 mesi fa s\u00ec che il prosciutto esprima il maggior potenziale di sapori, profumi e gusto. Una meraviglia gastronomica, unica ed esclusiva.<\/p>\n<p>Principali caratteristiche di produzione sono l&#8217;origine della materia prima: <strong>Toscana, Colline Senesi;<\/strong>\u00a0Condizione dell&#8217;allevamento:\u00a0<strong>stato brado in boschi di quercia.<\/strong><\/p>\n<p>Il prosciutto da \u201cCinta Senese DOP\u201d MAEST\u00c0 si aggiudica le \u201c3 fette con asterisco\u201d, il <strong>premio come ECCELLENZA nella Guida \u201cGrandi Salumi 2023\u201d di Gambero Rosso<\/strong>, il massimo riconoscimento.<\/p>\n","protected":false},"featured_media":8027,"comment_status":"open","ping_status":"closed","template":"","meta":[],"product_brand":[],"product_cat":[135,99],"product_tag":[109,133],"class_list":{"0":"post-6287","1":"product","2":"type-product","3":"status-publish","4":"has-post-thumbnail","6":"product_cat-natale","7":"product_cat-prosciutto-da-cinta","8":"product_tag-cinta-senese-dop","9":"product_tag-prosciutto-maesta","10":"tm-no-options","12":"first","13":"instock","14":"featured","15":"shipping-taxable","16":"purchasable","17":"product-type-simple"},"yoast_head":"<!-- This site is optimized with the Yoast SEO plugin v27.1.1 - https:\/\/yoast.com\/product\/yoast-seo-wordpress\/ -->\n<title>Prosciutto da Cinta Senese DOP Maest\u00e0<\/title>\n<meta name=\"description\" content=\"Prosciutto da Cinta Senese DOP Maest\u00e0 RENIERI stagionato minimo 36 mesi! Solo ingredienti naturali, senza conservanti, senza additivi, gluten free\" \/>\n<meta name=\"robots\" content=\"index, follow, max-snippet:-1, max-image-preview:large, max-video-preview:-1\" \/>\n<link rel=\"canonical\" href=\"https:\/\/www.renieri.net\/prodotto\/prosciutto-da-cinta-senese-dop-36-mesi-maesta\/\" \/>\n<meta property=\"og:locale\" content=\"en_US\" \/>\n<meta property=\"og:type\" content=\"article\" \/>\n<meta property=\"og:title\" content=\"Prosciutto stagionato da &quot;Cinta Senese DOP&quot; Renieri, intero con osso\" \/>\n<meta property=\"og:description\" content=\"Il Prosciutto da Cinta Senese DOP Renieri ha una stagionatura minima 36 mesi, ha solo ingredienti naturali \u00e8 senza conservanti, senza additivi, gluten free.\" \/>\n<meta property=\"og:url\" content=\"https:\/\/www.renieri.net\/prodotto\/prosciutto-da-cinta-senese-dop-36-mesi-maesta\/\" \/>\n<meta property=\"og:site_name\" content=\"Renieri\" \/>\n<meta property=\"article:publisher\" content=\"https:\/\/www.facebook.com\/renierisalumi\/\" \/>\n<meta property=\"article:modified_time\" content=\"2025-11-19T08:50:01+00:00\" \/>\n<meta property=\"og:image\" content=\"https:\/\/www.renieri.net\/wp-content\/uploads\/2021\/10\/prosciutto-stagionato-di-cinta-Renieri.jpg\" \/>\n\t<meta property=\"og:image:width\" content=\"426\" \/>\n\t<meta property=\"og:image:height\" content=\"302\" \/>\n\t<meta property=\"og:image:type\" content=\"image\/jpeg\" \/>\n<meta name=\"twitter:card\" content=\"summary_large_image\" \/>\n<meta name=\"twitter:label1\" content=\"Est. reading time\" \/>\n\t<meta name=\"twitter:data1\" content=\"1 minute\" \/>\n<script type=\"application\/ld+json\" class=\"yoast-schema-graph\">{\"@context\":\"https:\/\/schema.org\",\"@graph\":[{\"@type\":\"WebPage\",\"@id\":\"https:\/\/www.renieri.net\/prodotto\/prosciutto-da-cinta-senese-dop-36-mesi-maesta\/\",\"url\":\"https:\/\/www.renieri.net\/prodotto\/prosciutto-da-cinta-senese-dop-36-mesi-maesta\/\",\"name\":\"Prosciutto da Cinta Senese DOP Maest\u00e0\",\"isPartOf\":{\"@id\":\"https:\/\/www.renieri.net\/#website\"},\"primaryImageOfPage\":{\"@id\":\"https:\/\/www.renieri.net\/prodotto\/prosciutto-da-cinta-senese-dop-36-mesi-maesta\/#primaryimage\"},\"image\":{\"@id\":\"https:\/\/www.renieri.net\/prodotto\/prosciutto-da-cinta-senese-dop-36-mesi-maesta\/#primaryimage\"},\"thumbnailUrl\":\"https:\/\/www.renieri.net\/wp-content\/uploads\/2021\/09\/Prosciutto-di-Cinta-Senese-Maesta-Renieri-stagionato-36-mesi.webp\",\"datePublished\":\"2021-09-21T08:00:17+00:00\",\"dateModified\":\"2025-11-19T08:50:01+00:00\",\"description\":\"Prosciutto da Cinta Senese DOP Maest\u00e0 RENIERI stagionato minimo 36 mesi! Solo ingredienti naturali, senza conservanti, senza additivi, gluten free\",\"breadcrumb\":{\"@id\":\"https:\/\/www.renieri.net\/prodotto\/prosciutto-da-cinta-senese-dop-36-mesi-maesta\/#breadcrumb\"},\"inLanguage\":\"en-US\",\"potentialAction\":[{\"@type\":\"ReadAction\",\"target\":[\"https:\/\/www.renieri.net\/prodotto\/prosciutto-da-cinta-senese-dop-36-mesi-maesta\/\"]}]},{\"@type\":\"ImageObject\",\"inLanguage\":\"en-US\",\"@id\":\"https:\/\/www.renieri.net\/prodotto\/prosciutto-da-cinta-senese-dop-36-mesi-maesta\/#primaryimage\",\"url\":\"https:\/\/www.renieri.net\/wp-content\/uploads\/2021\/09\/Prosciutto-di-Cinta-Senese-Maesta-Renieri-stagionato-36-mesi.webp\",\"contentUrl\":\"https:\/\/www.renieri.net\/wp-content\/uploads\/2021\/09\/Prosciutto-di-Cinta-Senese-Maesta-Renieri-stagionato-36-mesi.webp\",\"width\":1200,\"height\":1200,\"caption\":\"Prosciutto di Cinta Senese Maesta Renieri stagionato 36 mesi\"},{\"@type\":\"BreadcrumbList\",\"@id\":\"https:\/\/www.renieri.net\/prodotto\/prosciutto-da-cinta-senese-dop-36-mesi-maesta\/#breadcrumb\",\"itemListElement\":[{\"@type\":\"ListItem\",\"position\":1,\"name\":\"Home\",\"item\":\"https:\/\/www.renieri.net\/\"},{\"@type\":\"ListItem\",\"position\":2,\"name\":\"Prodotti\",\"item\":\"https:\/\/www.renieri.net\/shop\/\"},{\"@type\":\"ListItem\",\"position\":3,\"name\":\"Prosciutto da &#8220;Cinta Senese DOP&#8221; 36 mesi MAESTA&#8217;\"}]},{\"@type\":\"WebSite\",\"@id\":\"https:\/\/www.renieri.net\/#website\",\"url\":\"https:\/\/www.renieri.net\/\",\"name\":\"Renieri\",\"description\":\"Prosciutto da Cinta Senese e Salumi Toscani\",\"publisher\":{\"@id\":\"https:\/\/www.renieri.net\/#organization\"},\"potentialAction\":[{\"@type\":\"SearchAction\",\"target\":{\"@type\":\"EntryPoint\",\"urlTemplate\":\"https:\/\/www.renieri.net\/?s={search_term_string}\"},\"query-input\":{\"@type\":\"PropertyValueSpecification\",\"valueRequired\":true,\"valueName\":\"search_term_string\"}}],\"inLanguage\":\"en-US\"},{\"@type\":\"Organization\",\"@id\":\"https:\/\/www.renieri.net\/#organization\",\"name\":\"RENIERI DIGAR srl\",\"url\":\"https:\/\/www.renieri.net\/\",\"logo\":{\"@type\":\"ImageObject\",\"inLanguage\":\"en-US\",\"@id\":\"https:\/\/www.renieri.net\/#\/schema\/logo\/image\/\",\"url\":\"https:\/\/www.renieri.net\/wp-content\/uploads\/2021\/12\/renieri-salumi-blu.png\",\"contentUrl\":\"https:\/\/www.renieri.net\/wp-content\/uploads\/2021\/12\/renieri-salumi-blu.png\",\"width\":290,\"height\":96,\"caption\":\"RENIERI DIGAR srl\"},\"image\":{\"@id\":\"https:\/\/www.renieri.net\/#\/schema\/logo\/image\/\"},\"sameAs\":[\"https:\/\/www.facebook.com\/renierisalumi\/\",\"https:\/\/www.instagram.com\/renierisalumi\/\",\"https:\/\/www.pinterest.it\/renierisalumi\/\",\"https:\/\/www.youtube.com\/channel\/UC_WRgwaXtt24-PDrcZhjRog\"]}]}<\/script>\n<!-- \/ Yoast SEO plugin. -->","yoast_head_json":{"title":"Prosciutto da Cinta Senese DOP Maest\u00e0","description":"Prosciutto da Cinta Senese DOP Maest\u00e0 RENIERI stagionato minimo 36 mesi! Solo ingredienti naturali, senza conservanti, senza additivi, gluten free","robots":{"index":"index","follow":"follow","max-snippet":"max-snippet:-1","max-image-preview":"max-image-preview:large","max-video-preview":"max-video-preview:-1"},"canonical":"https:\/\/www.renieri.net\/prodotto\/prosciutto-da-cinta-senese-dop-36-mesi-maesta\/","og_locale":"en_US","og_type":"article","og_title":"Prosciutto stagionato da \"Cinta Senese DOP\" Renieri, intero con osso","og_description":"Il Prosciutto da Cinta Senese DOP Renieri ha una stagionatura minima 36 mesi, ha solo ingredienti naturali \u00e8 senza conservanti, senza additivi, gluten free.","og_url":"https:\/\/www.renieri.net\/prodotto\/prosciutto-da-cinta-senese-dop-36-mesi-maesta\/","og_site_name":"Renieri","article_publisher":"https:\/\/www.facebook.com\/renierisalumi\/","article_modified_time":"2025-11-19T08:50:01+00:00","og_image":[{"width":426,"height":302,"url":"https:\/\/www.renieri.net\/wp-content\/uploads\/2021\/10\/prosciutto-stagionato-di-cinta-Renieri.jpg","type":"image\/jpeg"}],"twitter_card":"summary_large_image","twitter_misc":{"Est. reading time":"1 minute"},"schema":{"@context":"https:\/\/schema.org","@graph":[{"@type":"WebPage","@id":"https:\/\/www.renieri.net\/prodotto\/prosciutto-da-cinta-senese-dop-36-mesi-maesta\/","url":"https:\/\/www.renieri.net\/prodotto\/prosciutto-da-cinta-senese-dop-36-mesi-maesta\/","name":"Prosciutto da Cinta Senese DOP Maest\u00e0","isPartOf":{"@id":"https:\/\/www.renieri.net\/#website"},"primaryImageOfPage":{"@id":"https:\/\/www.renieri.net\/prodotto\/prosciutto-da-cinta-senese-dop-36-mesi-maesta\/#primaryimage"},"image":{"@id":"https:\/\/www.renieri.net\/prodotto\/prosciutto-da-cinta-senese-dop-36-mesi-maesta\/#primaryimage"},"thumbnailUrl":"https:\/\/www.renieri.net\/wp-content\/uploads\/2021\/09\/Prosciutto-di-Cinta-Senese-Maesta-Renieri-stagionato-36-mesi.webp","datePublished":"2021-09-21T08:00:17+00:00","dateModified":"2025-11-19T08:50:01+00:00","description":"Prosciutto da Cinta Senese DOP Maest\u00e0 RENIERI stagionato minimo 36 mesi! Solo ingredienti naturali, senza conservanti, senza additivi, gluten free","breadcrumb":{"@id":"https:\/\/www.renieri.net\/prodotto\/prosciutto-da-cinta-senese-dop-36-mesi-maesta\/#breadcrumb"},"inLanguage":"en-US","potentialAction":[{"@type":"ReadAction","target":["https:\/\/www.renieri.net\/prodotto\/prosciutto-da-cinta-senese-dop-36-mesi-maesta\/"]}]},{"@type":"ImageObject","inLanguage":"en-US","@id":"https:\/\/www.renieri.net\/prodotto\/prosciutto-da-cinta-senese-dop-36-mesi-maesta\/#primaryimage","url":"https:\/\/www.renieri.net\/wp-content\/uploads\/2021\/09\/Prosciutto-di-Cinta-Senese-Maesta-Renieri-stagionato-36-mesi.webp","contentUrl":"https:\/\/www.renieri.net\/wp-content\/uploads\/2021\/09\/Prosciutto-di-Cinta-Senese-Maesta-Renieri-stagionato-36-mesi.webp","width":1200,"height":1200,"caption":"Prosciutto di Cinta Senese Maesta Renieri stagionato 36 mesi"},{"@type":"BreadcrumbList","@id":"https:\/\/www.renieri.net\/prodotto\/prosciutto-da-cinta-senese-dop-36-mesi-maesta\/#breadcrumb","itemListElement":[{"@type":"ListItem","position":1,"name":"Home","item":"https:\/\/www.renieri.net\/"},{"@type":"ListItem","position":2,"name":"Prodotti","item":"https:\/\/www.renieri.net\/shop\/"},{"@type":"ListItem","position":3,"name":"Prosciutto da &#8220;Cinta Senese DOP&#8221; 36 mesi MAESTA&#8217;"}]},{"@type":"WebSite","@id":"https:\/\/www.renieri.net\/#website","url":"https:\/\/www.renieri.net\/","name":"Renieri","description":"Prosciutto da Cinta Senese e Salumi Toscani","publisher":{"@id":"https:\/\/www.renieri.net\/#organization"},"potentialAction":[{"@type":"SearchAction","target":{"@type":"EntryPoint","urlTemplate":"https:\/\/www.renieri.net\/?s={search_term_string}"},"query-input":{"@type":"PropertyValueSpecification","valueRequired":true,"valueName":"search_term_string"}}],"inLanguage":"en-US"},{"@type":"Organization","@id":"https:\/\/www.renieri.net\/#organization","name":"RENIERI DIGAR srl","url":"https:\/\/www.renieri.net\/","logo":{"@type":"ImageObject","inLanguage":"en-US","@id":"https:\/\/www.renieri.net\/#\/schema\/logo\/image\/","url":"https:\/\/www.renieri.net\/wp-content\/uploads\/2021\/12\/renieri-salumi-blu.png","contentUrl":"https:\/\/www.renieri.net\/wp-content\/uploads\/2021\/12\/renieri-salumi-blu.png","width":290,"height":96,"caption":"RENIERI DIGAR srl"},"image":{"@id":"https:\/\/www.renieri.net\/#\/schema\/logo\/image\/"},"sameAs":["https:\/\/www.facebook.com\/renierisalumi\/","https:\/\/www.instagram.com\/renierisalumi\/","https:\/\/www.pinterest.it\/renierisalumi\/","https:\/\/www.youtube.com\/channel\/UC_WRgwaXtt24-PDrcZhjRog"]}]}},"_links":{"self":[{"href":"https:\/\/www.renieri.net\/en\/wp-json\/wp\/v2\/product\/6287","targetHints":{"allow":["GET"]}}],"collection":[{"href":"https:\/\/www.renieri.net\/en\/wp-json\/wp\/v2\/product"}],"about":[{"href":"https:\/\/www.renieri.net\/en\/wp-json\/wp\/v2\/types\/product"}],"replies":[{"embeddable":true,"href":"https:\/\/www.renieri.net\/en\/wp-json\/wp\/v2\/comments?post=6287"}],"wp:featuredmedia":[{"embeddable":true,"href":"https:\/\/www.renieri.net\/en\/wp-json\/wp\/v2\/media\/8027"}],"wp:attachment":[{"href":"https:\/\/www.renieri.net\/en\/wp-json\/wp\/v2\/media?parent=6287"}],"wp:term":[{"taxonomy":"product_brand","embeddable":true,"href":"https:\/\/www.renieri.net\/en\/wp-json\/wp\/v2\/product_brand?post=6287"},{"taxonomy":"product_cat","embeddable":true,"href":"https:\/\/www.renieri.net\/en\/wp-json\/wp\/v2\/product_cat?post=6287"},{"taxonomy":"product_tag","embeddable":true,"href":"https:\/\/www.renieri.net\/en\/wp-json\/wp\/v2\/product_tag?post=6287"}],"curies":[{"name":"wp","href":"https:\/\/api.w.org\/{rel}","templated":true}]}}